{"id":2918,"date":"2023-04-06T11:53:44","date_gmt":"2023-04-06T11:53:44","guid":{"rendered":"http:\/\/udolirejhotice.cz\/nabidka-bytu\/"},"modified":"2024-01-19T10:03:10","modified_gmt":"2024-01-19T10:03:10","slug":"oferta-plaska","status":"publish","type":"page","link":"https:\/\/udolirejhotice.cz\/pl\/oferta-plaska\/","title":{"rendered":"Oferta mieszka\u0144"},"content":{"rendered":"\n<div class=\"wp-block-group stripe-top stripe-sm-bottom has-background\" style=\"background-color:#fcfcfc\"><div class=\"wp-block-group__inner-container is-layout-constrained wp-block-group-is-layout-constrained\"><div class=\"wp-bootstrap-blocks-container container mb-0\">\n\t\n<div class=\"wp-bootstrap-blocks-row row\">\n\t\n\n<div class=\"col-12\">\n\t\t\t\n    <div class=\"row g-5\">\n                    <div class=\"col-lg-6\">\n                <div class=\"signpost pe-xl-3\">\n                    <a href=\"#ulrichova-vila-pl\"\n                       class=\"signpost-image d-flex align-items-end justify-content-start text-decoration-none p-4 p-lg-5\"\n                       style=\"background-image:url(https:\/\/udolirejhotice.cz\/wp-content\/uploads\/2024\/01\/1.jpeg);\">\n                        <div class=\"d-flex flex-sm-column align-items-center align-items-sm-start justify-content-between signpost-image-content w-100\">\n                            <h3 class=\"text-white text-uppercase mb-0 mb-sm-4\">Ulrichova vila<\/h3>\n                            <button type=\"button\" target=\"\"\n                                    class=\"btn btn-primary d-none d-sm-block\" data-text=\"Zobacz apartamenty\"\n                                    data-text-default=\"Oferta p\u0142aska\">Oferta p\u0142aska<\/button>\n                            <span class=\"signpost-arrow d-sm-none\">\n                                <svg width=\"79\" height=\"66\" viewBox=\"0 0 79 66\" fill=\"none\" xmlns=\"http:\/\/www.w3.org\/2000\/svg\">\n<path d=\"M2.3219 33.5401L73.3756 33.5403M44.6043 62.9912L75.2253 32.9984L44.6043 3.00555\" stroke=\"white\" stroke-width=\"4.17445\" stroke-linecap=\"round\"\/>\n<\/svg>\n                            <\/span>\n                        <\/div>\n                        <div class=\"signpost-image-overlay\"><\/div>\n                    <\/a>\n                    <div class=\"row align-items-xl-center gx-0 pt-4 pt-xl-5\">\n                        <div class=\"col-xl-8 order-2 order-xl-1 mt-4 mt-xl-0\"><p>Oferuje <strong>26 g\u00f3rskich apartament\u00f3w<\/strong> w zrewitalizowanej oryginalnej willi fabrycznej z prywatnym parkingiem, miejscami do wypoczynku na \u015bwie\u017cym powietrzu z kominkiem i grillem, placem zabaw dla dzieci oraz stacj\u0105 \u0142adowania samochod\u00f3w elektrycznych. Mieszkania o uk\u0142adach od <strong>1+kk do 3+kk<\/strong>, w tym <strong>8 mieszka\u0144 dwupoziomowych<\/strong>, wszystkie z komfortowym, designerskim wyposa\u017ceniem.<\/p>\n<\/div>\n                                                    <div class=\"col-12 col-xl-3 offset-xl-1 order-1 order-xl-2\">\n                                <div class=\"signpost-info text-center d-flex align-items-center justify-content-center fw-bold mb-xl-2 pt-2 pt-xl-0 pb-2 pb-xl-0\">Data zako\u0144czenia Q1\/2024<\/div>\n                            <\/div>\n                                            <\/div>\n                <\/div>\n            <\/div>\n                        <div class=\"col-lg-6\">\n                <div class=\"signpost  ps-xl-3\">\n                    <a href=\"#vilka-rejhotice-pl\"\n                       class=\"signpost-image d-flex align-items-end justify-content-start text-decoration-none p-4 p-lg-5\"\n                       style=\"background-image:url(https:\/\/udolirejhotice.cz\/wp-content\/uploads\/2024\/01\/2.jpeg);\">\n                        <div class=\"d-flex flex-sm-column align-items-center align-items-sm-start justify-content-between signpost-image-content w-100\">\n                            <h3 class=\"text-white text-uppercase mb-0 mb-sm-4\">Vilka Rejhotice<\/h3>\n                            <button type=\"button\" target=\"\"\n                                    class=\"btn btn-primary d-none d-sm-block\" data-text=\"Zobacz apartamenty\"\n                                    data-text-default=\"Oferta p\u0142aska\">Oferta p\u0142aska<\/button>\n                            <span class=\"signpost-arrow d-sm-none\">\n                                <svg width=\"79\" height=\"66\" viewBox=\"0 0 79 66\" fill=\"none\" xmlns=\"http:\/\/www.w3.org\/2000\/svg\">\n<path d=\"M2.3219 33.5401L73.3756 33.5403M44.6043 62.9912L75.2253 32.9984L44.6043 3.00555\" stroke=\"white\" stroke-width=\"4.17445\" stroke-linecap=\"round\"\/>\n<\/svg>\n                            <\/span>\n                        <\/div>\n                        <div class=\"signpost-image-overlay\"><\/div>\n                    <\/a>\n                    <div class=\"row align-items-xl-center gx-0 pt-4 pt-xl-5\">\n                        <div class=\"col-xl-8 order-2 order-xl-1 mt-4 mt-xl-0\"><p>Odnowiony dom rodzinny z 3 apartamentami w nowoczesnym g\u00f3rskim stylu. Na pierwszym pi\u0119trze dost\u0119pne s\u0105 <strong>dwa mieszkania: 1+kk i 2+kk<\/strong>. Na 2 pi\u0119trze znajduje si\u0119 mieszkanie 3+kk. <strong>Prywatny parking i miejsca do siedzenia na zewn\u0105trz.<\/strong><\/p>\n<\/div>\n                                                    <div class=\"col-12 col-xl-3 offset-xl-1 order-1 order-xl-2\">\n                                <div class=\"signpost-info text-center d-flex align-items-center justify-content-center fw-bold mb-xl-2 pt-2 pt-xl-0 pb-2 pb-xl-0\">Data zako\u0144czenia Q1\/2024<\/div>\n                            <\/div>\n                                            <\/div>\n                <\/div>\n            <\/div>\n                <\/div>\n    \n\t<\/div>\n\n<\/div>\n\n<\/div>\n<\/div><\/div>\n","protected":false},"excerpt":{"rendered":"","protected":false},"author":2,"featured_media":2539,"parent":0,"menu_order":0,"comment_status":"closed","ping_status":"closed","template":"templates\/flat-offer.php","meta":{"_acf_changed":false,"inline_featured_image":false,"footnotes":""},"class_list":["post-2918","page","type-page","status-publish","has-post-thumbnail","hentry"],"acf":[],"yoast_head":"<!-- This site is optimized with the Yoast SEO plugin v27.3 - https:\/\/yoast.com\/product\/yoast-seo-wordpress\/ -->\n<title>Nowoczesne apartamenty na sprzeda\u017c Lou\u010dn\u00e1 nad Desnou | \u00dadol\u00ed Rejhotice<\/title>\n<meta name=\"description\" content=\"Projekt \u00dadol\u00ed Rejhotice oferuje na sprzeda\u017c 26 mieszka\u0144. Wyj\u0105tkowe po\u0142\u0105czenie natury i nowocze\u015bnie wyposa\u017conych apartament\u00f3w w nowo zrekonstruowanej willi Pierwszej Republiki.\" \/>\n<meta name=\"robots\" content=\"index, follow, max-snippet:-1, max-image-preview:large, max-video-preview:-1\" \/>\n<link rel=\"canonical\" href=\"https:\/\/udolirejhotice.cz\/pl\/oferta-plaska\/\" \/>\n<meta property=\"og:locale\" content=\"pl_PL\" \/>\n<meta property=\"og:type\" content=\"article\" \/>\n<meta property=\"og:title\" content=\"Modern\u00ed byty na prodej Lou\u010dn\u00e1 nad Desnou | \u00dadol\u00ed Rejhotice\" \/>\n<meta property=\"og:description\" content=\"Projekt \u00dadol\u00ed Rejhotice nab\u00edz\u00ed 26 byt\u016f na prodej. Unik\u00e1tn\u00ed spojen\u00ed p\u0159\u00edrody a modern\u011b vybaven\u00fdch byt\u016f v nov\u011b zrekonstruovan\u00e9 prvorepublikov\u00e9 vile.\" \/>\n<meta property=\"og:url\" content=\"https:\/\/udolirejhotice.cz\/pl\/oferta-plaska\/\" \/>\n<meta property=\"og:site_name\" content=\"\u00dadol\u00ed Rejhotice\" \/>\n<meta property=\"article:modified_time\" content=\"2024-01-19T10:03:10+00:00\" \/>\n<meta property=\"og:image\" content=\"https:\/\/udolirejhotice.cz\/wp-content\/uploads\/2023\/04\/35-05_000.jpg\" \/>\n\t<meta property=\"og:image:width\" content=\"1920\" \/>\n\t<meta property=\"og:image:height\" content=\"1080\" \/>\n\t<meta property=\"og:image:type\" content=\"image\/jpeg\" \/>\n<meta name=\"twitter:card\" content=\"summary_large_image\" \/>\n<meta name=\"twitter:title\" content=\"Modern\u00ed byty na prodej Lou\u010dn\u00e1 nad Desnou | \u00dadol\u00ed Rejhotice\" \/>\n<meta name=\"twitter:description\" content=\"Projekt \u00dadol\u00ed Rejhotice nab\u00edz\u00ed 26 byt\u016f na prodej. Unik\u00e1tn\u00ed spojen\u00ed p\u0159\u00edrody a modern\u011b vybaven\u00fdch byt\u016f v nov\u011b zrekonstruovan\u00e9 prvorepublikov\u00e9 vile.\" \/>\n<meta name=\"twitter:image\" content=\"https:\/\/udolirejhotice.cz\/wp-content\/uploads\/2023\/04\/35-05_000.jpg\" \/>\n<meta name=\"twitter:label1\" content=\"Szacowany czas czytania\" \/>\n\t<meta name=\"twitter:data1\" content=\"1 minuta\" \/>\n<script type=\"application\/ld+json\" class=\"yoast-schema-graph\">{\"@context\":\"https:\\\/\\\/schema.org\",\"@graph\":[{\"@type\":\"WebPage\",\"@id\":\"https:\\\/\\\/udolirejhotice.cz\\\/pl\\\/oferta-plaska\\\/\",\"url\":\"https:\\\/\\\/udolirejhotice.cz\\\/pl\\\/oferta-plaska\\\/\",\"name\":\"Nowoczesne apartamenty na sprzeda\u017c Lou\u010dn\u00e1 nad Desnou | \u00dadol\u00ed Rejhotice\",\"isPartOf\":{\"@id\":\"https:\\\/\\\/udolirejhotice.cz\\\/pl\\\/#website\"},\"primaryImageOfPage\":{\"@id\":\"https:\\\/\\\/udolirejhotice.cz\\\/pl\\\/oferta-plaska\\\/#primaryimage\"},\"image\":{\"@id\":\"https:\\\/\\\/udolirejhotice.cz\\\/pl\\\/oferta-plaska\\\/#primaryimage\"},\"thumbnailUrl\":\"https:\\\/\\\/udolirejhotice.cz\\\/wp-content\\\/uploads\\\/2023\\\/04\\\/3-1.jpeg\",\"datePublished\":\"2023-04-06T11:53:44+00:00\",\"dateModified\":\"2024-01-19T10:03:10+00:00\",\"description\":\"Projekt \u00dadol\u00ed Rejhotice oferuje na sprzeda\u017c 26 mieszka\u0144. Wyj\u0105tkowe po\u0142\u0105czenie natury i nowocze\u015bnie wyposa\u017conych apartament\u00f3w w nowo zrekonstruowanej willi Pierwszej Republiki.\",\"breadcrumb\":{\"@id\":\"https:\\\/\\\/udolirejhotice.cz\\\/pl\\\/oferta-plaska\\\/#breadcrumb\"},\"inLanguage\":\"pl-PL\",\"potentialAction\":[{\"@type\":\"ReadAction\",\"target\":[\"https:\\\/\\\/udolirejhotice.cz\\\/pl\\\/oferta-plaska\\\/\"]}]},{\"@type\":\"ImageObject\",\"inLanguage\":\"pl-PL\",\"@id\":\"https:\\\/\\\/udolirejhotice.cz\\\/pl\\\/oferta-plaska\\\/#primaryimage\",\"url\":\"https:\\\/\\\/udolirejhotice.cz\\\/wp-content\\\/uploads\\\/2023\\\/04\\\/3-1.jpeg\",\"contentUrl\":\"https:\\\/\\\/udolirejhotice.cz\\\/wp-content\\\/uploads\\\/2023\\\/04\\\/3-1.jpeg\",\"width\":905,\"height\":1075},{\"@type\":\"BreadcrumbList\",\"@id\":\"https:\\\/\\\/udolirejhotice.cz\\\/pl\\\/oferta-plaska\\\/#breadcrumb\",\"itemListElement\":[{\"@type\":\"ListItem\",\"position\":1,\"name\":\"Dom\u016f\",\"item\":\"https:\\\/\\\/udolirejhotice.cz\\\/pl\\\/\"},{\"@type\":\"ListItem\",\"position\":2,\"name\":\"Oferta mieszka\u0144\"}]},{\"@type\":\"WebSite\",\"@id\":\"https:\\\/\\\/udolirejhotice.cz\\\/pl\\\/#website\",\"url\":\"https:\\\/\\\/udolirejhotice.cz\\\/pl\\\/\",\"name\":\"\u00dadol\u00ed Rejhotice\",\"description\":\"Horsk\u00e9 byty v srdci jesen\u00edk\u016f\",\"publisher\":{\"@id\":\"https:\\\/\\\/udolirejhotice.cz\\\/pl\\\/#organization\"},\"potentialAction\":[{\"@type\":\"SearchAction\",\"target\":{\"@type\":\"EntryPoint\",\"urlTemplate\":\"https:\\\/\\\/udolirejhotice.cz\\\/pl\\\/?s={search_term_string}\"},\"query-input\":{\"@type\":\"PropertyValueSpecification\",\"valueRequired\":true,\"valueName\":\"search_term_string\"}}],\"inLanguage\":\"pl-PL\"},{\"@type\":\"Organization\",\"@id\":\"https:\\\/\\\/udolirejhotice.cz\\\/pl\\\/#organization\",\"name\":\"\u00dadol\u00ed Rejhotice\",\"url\":\"https:\\\/\\\/udolirejhotice.cz\\\/pl\\\/\",\"logo\":{\"@type\":\"ImageObject\",\"inLanguage\":\"pl-PL\",\"@id\":\"https:\\\/\\\/udolirejhotice.cz\\\/pl\\\/#\\\/schema\\\/logo\\\/image\\\/\",\"url\":\"https:\\\/\\\/udolirejhotice.cz\\\/wp-content\\\/uploads\\\/2023\\\/04\\\/logo.svg\",\"contentUrl\":\"https:\\\/\\\/udolirejhotice.cz\\\/wp-content\\\/uploads\\\/2023\\\/04\\\/logo.svg\",\"width\":367,\"height\":56,\"caption\":\"\u00dadol\u00ed Rejhotice\"},\"image\":{\"@id\":\"https:\\\/\\\/udolirejhotice.cz\\\/pl\\\/#\\\/schema\\\/logo\\\/image\\\/\"}}]}<\/script>\n<!-- \/ Yoast SEO plugin. -->","yoast_head_json":{"title":"Nowoczesne apartamenty na sprzeda\u017c Lou\u010dn\u00e1 nad Desnou | \u00dadol\u00ed Rejhotice","description":"Projekt \u00dadol\u00ed Rejhotice oferuje na sprzeda\u017c 26 mieszka\u0144. Wyj\u0105tkowe po\u0142\u0105czenie natury i nowocze\u015bnie wyposa\u017conych apartament\u00f3w w nowo zrekonstruowanej willi Pierwszej Republiki.","robots":{"index":"index","follow":"follow","max-snippet":"max-snippet:-1","max-image-preview":"max-image-preview:large","max-video-preview":"max-video-preview:-1"},"canonical":"https:\/\/udolirejhotice.cz\/pl\/oferta-plaska\/","og_locale":"pl_PL","og_type":"article","og_title":"Modern\u00ed byty na prodej Lou\u010dn\u00e1 nad Desnou | \u00dadol\u00ed Rejhotice","og_description":"Projekt \u00dadol\u00ed Rejhotice nab\u00edz\u00ed 26 byt\u016f na prodej. Unik\u00e1tn\u00ed spojen\u00ed p\u0159\u00edrody a modern\u011b vybaven\u00fdch byt\u016f v nov\u011b zrekonstruovan\u00e9 prvorepublikov\u00e9 vile.","og_url":"https:\/\/udolirejhotice.cz\/pl\/oferta-plaska\/","og_site_name":"\u00dadol\u00ed Rejhotice","article_modified_time":"2024-01-19T10:03:10+00:00","og_image":[{"width":1920,"height":1080,"url":"https:\/\/udolirejhotice.cz\/wp-content\/uploads\/2023\/04\/35-05_000.jpg","type":"image\/jpeg"}],"twitter_card":"summary_large_image","twitter_title":"Modern\u00ed byty na prodej Lou\u010dn\u00e1 nad Desnou | \u00dadol\u00ed Rejhotice","twitter_description":"Projekt \u00dadol\u00ed Rejhotice nab\u00edz\u00ed 26 byt\u016f na prodej. Unik\u00e1tn\u00ed spojen\u00ed p\u0159\u00edrody a modern\u011b vybaven\u00fdch byt\u016f v nov\u011b zrekonstruovan\u00e9 prvorepublikov\u00e9 vile.","twitter_image":"https:\/\/udolirejhotice.cz\/wp-content\/uploads\/2023\/04\/35-05_000.jpg","twitter_misc":{"Szacowany czas czytania":"1 minuta"},"schema":{"@context":"https:\/\/schema.org","@graph":[{"@type":"WebPage","@id":"https:\/\/udolirejhotice.cz\/pl\/oferta-plaska\/","url":"https:\/\/udolirejhotice.cz\/pl\/oferta-plaska\/","name":"Nowoczesne apartamenty na sprzeda\u017c Lou\u010dn\u00e1 nad Desnou | \u00dadol\u00ed Rejhotice","isPartOf":{"@id":"https:\/\/udolirejhotice.cz\/pl\/#website"},"primaryImageOfPage":{"@id":"https:\/\/udolirejhotice.cz\/pl\/oferta-plaska\/#primaryimage"},"image":{"@id":"https:\/\/udolirejhotice.cz\/pl\/oferta-plaska\/#primaryimage"},"thumbnailUrl":"https:\/\/udolirejhotice.cz\/wp-content\/uploads\/2023\/04\/3-1.jpeg","datePublished":"2023-04-06T11:53:44+00:00","dateModified":"2024-01-19T10:03:10+00:00","description":"Projekt \u00dadol\u00ed Rejhotice oferuje na sprzeda\u017c 26 mieszka\u0144. Wyj\u0105tkowe po\u0142\u0105czenie natury i nowocze\u015bnie wyposa\u017conych apartament\u00f3w w nowo zrekonstruowanej willi Pierwszej Republiki.","breadcrumb":{"@id":"https:\/\/udolirejhotice.cz\/pl\/oferta-plaska\/#breadcrumb"},"inLanguage":"pl-PL","potentialAction":[{"@type":"ReadAction","target":["https:\/\/udolirejhotice.cz\/pl\/oferta-plaska\/"]}]},{"@type":"ImageObject","inLanguage":"pl-PL","@id":"https:\/\/udolirejhotice.cz\/pl\/oferta-plaska\/#primaryimage","url":"https:\/\/udolirejhotice.cz\/wp-content\/uploads\/2023\/04\/3-1.jpeg","contentUrl":"https:\/\/udolirejhotice.cz\/wp-content\/uploads\/2023\/04\/3-1.jpeg","width":905,"height":1075},{"@type":"BreadcrumbList","@id":"https:\/\/udolirejhotice.cz\/pl\/oferta-plaska\/#breadcrumb","itemListElement":[{"@type":"ListItem","position":1,"name":"Dom\u016f","item":"https:\/\/udolirejhotice.cz\/pl\/"},{"@type":"ListItem","position":2,"name":"Oferta mieszka\u0144"}]},{"@type":"WebSite","@id":"https:\/\/udolirejhotice.cz\/pl\/#website","url":"https:\/\/udolirejhotice.cz\/pl\/","name":"\u00dadol\u00ed Rejhotice","description":"Horsk\u00e9 byty v srdci jesen\u00edk\u016f","publisher":{"@id":"https:\/\/udolirejhotice.cz\/pl\/#organization"},"potentialAction":[{"@type":"SearchAction","target":{"@type":"EntryPoint","urlTemplate":"https:\/\/udolirejhotice.cz\/pl\/?s={search_term_string}"},"query-input":{"@type":"PropertyValueSpecification","valueRequired":true,"valueName":"search_term_string"}}],"inLanguage":"pl-PL"},{"@type":"Organization","@id":"https:\/\/udolirejhotice.cz\/pl\/#organization","name":"\u00dadol\u00ed Rejhotice","url":"https:\/\/udolirejhotice.cz\/pl\/","logo":{"@type":"ImageObject","inLanguage":"pl-PL","@id":"https:\/\/udolirejhotice.cz\/pl\/#\/schema\/logo\/image\/","url":"https:\/\/udolirejhotice.cz\/wp-content\/uploads\/2023\/04\/logo.svg","contentUrl":"https:\/\/udolirejhotice.cz\/wp-content\/uploads\/2023\/04\/logo.svg","width":367,"height":56,"caption":"\u00dadol\u00ed Rejhotice"},"image":{"@id":"https:\/\/udolirejhotice.cz\/pl\/#\/schema\/logo\/image\/"}}]}},"_links":{"self":[{"href":"https:\/\/udolirejhotice.cz\/pl\/wp-json\/wp\/v2\/pages\/2918","targetHints":{"allow":["GET"]}}],"collection":[{"href":"https:\/\/udolirejhotice.cz\/pl\/wp-json\/wp\/v2\/pages"}],"about":[{"href":"https:\/\/udolirejhotice.cz\/pl\/wp-json\/wp\/v2\/types\/page"}],"author":[{"embeddable":true,"href":"https:\/\/udolirejhotice.cz\/pl\/wp-json\/wp\/v2\/users\/2"}],"replies":[{"embeddable":true,"href":"https:\/\/udolirejhotice.cz\/pl\/wp-json\/wp\/v2\/comments?post=2918"}],"version-history":[{"count":13,"href":"https:\/\/udolirejhotice.cz\/pl\/wp-json\/wp\/v2\/pages\/2918\/revisions"}],"predecessor-version":[{"id":4010,"href":"https:\/\/udolirejhotice.cz\/pl\/wp-json\/wp\/v2\/pages\/2918\/revisions\/4010"}],"wp:featuredmedia":[{"embeddable":true,"href":"https:\/\/udolirejhotice.cz\/pl\/wp-json\/wp\/v2\/media\/2539"}],"wp:attachment":[{"href":"https:\/\/udolirejhotice.cz\/pl\/wp-json\/wp\/v2\/media?parent=2918"}],"curies":[{"name":"wp","href":"https:\/\/api.w.org\/{rel}","templated":true}]}}