{"id":876,"date":"2023-04-06T11:53:44","date_gmt":"2023-04-06T11:53:44","guid":{"rendered":"http:\/\/udolirejhotice.cz\/nabidka-bytu\/"},"modified":"2024-01-19T10:01:24","modified_gmt":"2024-01-19T10:01:24","slug":"apartments","status":"publish","type":"page","link":"https:\/\/udolirejhotice.cz\/en\/apartments\/","title":{"rendered":"Apartments"},"content":{"rendered":"\n<div class=\"wp-block-group stripe-top stripe-sm-bottom has-background\" style=\"background-color:#fcfcfc\"><div class=\"wp-block-group__inner-container is-layout-constrained wp-block-group-is-layout-constrained\"><div class=\"wp-bootstrap-blocks-container container mb-0\">\n\t\n<div class=\"wp-bootstrap-blocks-row row\">\n\t\n\n<div class=\"col-12\">\n\t\t\t\n    <div class=\"row g-5\">\n                    <div class=\"col-lg-6\">\n                <div class=\"signpost pe-xl-3\">\n                    <a href=\"#ulrichova-vila-en\"\n                       class=\"signpost-image d-flex align-items-end justify-content-start text-decoration-none p-4 p-lg-5\"\n                       style=\"background-image:url(https:\/\/udolirejhotice.cz\/wp-content\/uploads\/2024\/01\/1.jpeg);\">\n                        <div class=\"d-flex flex-sm-column align-items-center align-items-sm-start justify-content-between signpost-image-content w-100\">\n                            <h3 class=\"text-white text-uppercase mb-0 mb-sm-4\">Ulrichova vila<\/h3>\n                            <button type=\"button\" target=\"\"\n                                    class=\"btn btn-primary d-none d-sm-block\" data-text=\"View apartments\"\n                                    data-text-default=\"Flat offer\">Flat offer<\/button>\n                            <span class=\"signpost-arrow d-sm-none\">\n                                <svg width=\"79\" height=\"66\" viewBox=\"0 0 79 66\" fill=\"none\" xmlns=\"http:\/\/www.w3.org\/2000\/svg\">\n<path d=\"M2.3219 33.5401L73.3756 33.5403M44.6043 62.9912L75.2253 32.9984L44.6043 3.00555\" stroke=\"white\" stroke-width=\"4.17445\" stroke-linecap=\"round\"\/>\n<\/svg>\n                            <\/span>\n                        <\/div>\n                        <div class=\"signpost-image-overlay\"><\/div>\n                    <\/a>\n                    <div class=\"row align-items-xl-center gx-0 pt-4 pt-xl-5\">\n                        <div class=\"col-xl-8 order-2 order-xl-1 mt-4 mt-xl-0\"><p>It offers <strong>26 mountain apartments<\/strong> in a revitalized original factory villa with private parking, outdoor seating with a fireplace and grill, a children&#8217;s playground and a charging station for electric cars. Apartments with layouts of <strong>1+kk to 3+kk<\/strong>, including <strong>8 duplex apartments<\/strong>, all with comfortable design equipment.<\/p>\n<\/div>\n                                                    <div class=\"col-12 col-xl-3 offset-xl-1 order-1 order-xl-2\">\n                                <div class=\"signpost-info text-center d-flex align-items-center justify-content-center fw-bold mb-xl-2 pt-2 pt-xl-0 pb-2 pb-xl-0\">Completion date Q1\/2024<\/div>\n                            <\/div>\n                                            <\/div>\n                <\/div>\n            <\/div>\n                        <div class=\"col-lg-6\">\n                <div class=\"signpost  ps-xl-3\">\n                    <a href=\"#vilka-rejhotice-en\"\n                       class=\"signpost-image d-flex align-items-end justify-content-start text-decoration-none p-4 p-lg-5\"\n                       style=\"background-image:url(https:\/\/udolirejhotice.cz\/wp-content\/uploads\/2024\/01\/2.jpeg);\">\n                        <div class=\"d-flex flex-sm-column align-items-center align-items-sm-start justify-content-between signpost-image-content w-100\">\n                            <h3 class=\"text-white text-uppercase mb-0 mb-sm-4\">Vilka Rejhotice<\/h3>\n                            <button type=\"button\" target=\"\"\n                                    class=\"btn btn-primary d-none d-sm-block\" data-text=\"View apartments\"\n                                    data-text-default=\"Flat offer\">Flat offer<\/button>\n                            <span class=\"signpost-arrow d-sm-none\">\n                                <svg width=\"79\" height=\"66\" viewBox=\"0 0 79 66\" fill=\"none\" xmlns=\"http:\/\/www.w3.org\/2000\/svg\">\n<path d=\"M2.3219 33.5401L73.3756 33.5403M44.6043 62.9912L75.2253 32.9984L44.6043 3.00555\" stroke=\"white\" stroke-width=\"4.17445\" stroke-linecap=\"round\"\/>\n<\/svg>\n                            <\/span>\n                        <\/div>\n                        <div class=\"signpost-image-overlay\"><\/div>\n                    <\/a>\n                    <div class=\"row align-items-xl-center gx-0 pt-4 pt-xl-5\">\n                        <div class=\"col-xl-8 order-2 order-xl-1 mt-4 mt-xl-0\"><p>Renovated family house with 3 apartments in a modern mountain style. On the 1st floor there are two apartment <strong>units available: 1+kk and 2+kk<\/strong>. On the 2nd floor there is a 3+kk apartment. <strong>Private parking and outdoor seating.<\/strong><\/p>\n<\/div>\n                                                    <div class=\"col-12 col-xl-3 offset-xl-1 order-1 order-xl-2\">\n                                <div class=\"signpost-info text-center d-flex align-items-center justify-content-center fw-bold mb-xl-2 pt-2 pt-xl-0 pb-2 pb-xl-0\">Completion date Q1\/2024<\/div>\n                            <\/div>\n                                            <\/div>\n                <\/div>\n            <\/div>\n                <\/div>\n    \n\t<\/div>\n\n<\/div>\n\n<\/div>\n<\/div><\/div>\n","protected":false},"excerpt":{"rendered":"","protected":false},"author":2,"featured_media":868,"parent":0,"menu_order":0,"comment_status":"closed","ping_status":"closed","template":"templates\/flat-offer.php","meta":{"_acf_changed":false,"inline_featured_image":false,"footnotes":""},"class_list":["post-876","page","type-page","status-publish","has-post-thumbnail","hentry"],"acf":[],"yoast_head":"<!-- This site is optimized with the Yoast SEO plugin v27.6 - https:\/\/yoast.com\/product\/yoast-seo-wordpress\/ -->\n<title>26 mountain apartments exquisitely furnished | Rejhotice valley<\/title>\n<meta name=\"description\" content=\"26 mountain apartments exquisitely furnished for comfort, you have the freedom to choose from various layouts, ranging from 1+kk to 3+kk\" \/>\n<meta name=\"robots\" content=\"index, follow, max-snippet:-1, max-image-preview:large, max-video-preview:-1\" \/>\n<link rel=\"canonical\" href=\"https:\/\/udolirejhotice.cz\/en\/apartments\/\" \/>\n<meta property=\"og:locale\" content=\"en_US\" \/>\n<meta property=\"og:type\" content=\"article\" \/>\n<meta property=\"og:title\" content=\"26 mountain apartments exquisitely furnished | Rejhotice valley\" \/>\n<meta property=\"og:description\" content=\"26 mountain apartments exquisitely furnished for comfort, you have the freedom to choose from various layouts, ranging from 1+kk to 3+kk\" \/>\n<meta property=\"og:url\" content=\"https:\/\/udolirejhotice.cz\/en\/apartments\/\" \/>\n<meta property=\"og:site_name\" content=\"\u00dadol\u00ed Rejhotice\" \/>\n<meta property=\"article:modified_time\" content=\"2024-01-19T10:01:24+00:00\" \/>\n<meta property=\"og:image\" content=\"https:\/\/udolirejhotice.cz\/wp-content\/uploads\/2023\/04\/3-1.jpeg\" \/>\n\t<meta property=\"og:image:width\" content=\"905\" \/>\n\t<meta property=\"og:image:height\" content=\"1075\" \/>\n\t<meta property=\"og:image:type\" content=\"image\/jpeg\" \/>\n<meta name=\"twitter:card\" content=\"summary_large_image\" \/>\n<meta name=\"twitter:label1\" content=\"Est. reading time\" \/>\n\t<meta name=\"twitter:data1\" content=\"1 minute\" \/>\n<script type=\"application\/ld+json\" class=\"yoast-schema-graph\">{\"@context\":\"https:\\\/\\\/schema.org\",\"@graph\":[{\"@type\":\"WebPage\",\"@id\":\"https:\\\/\\\/udolirejhotice.cz\\\/en\\\/apartments\\\/\",\"url\":\"https:\\\/\\\/udolirejhotice.cz\\\/en\\\/apartments\\\/\",\"name\":\"26 mountain apartments exquisitely furnished | Rejhotice valley\",\"isPartOf\":{\"@id\":\"https:\\\/\\\/udolirejhotice.cz\\\/en\\\/#website\"},\"primaryImageOfPage\":{\"@id\":\"https:\\\/\\\/udolirejhotice.cz\\\/en\\\/apartments\\\/#primaryimage\"},\"image\":{\"@id\":\"https:\\\/\\\/udolirejhotice.cz\\\/en\\\/apartments\\\/#primaryimage\"},\"thumbnailUrl\":\"https:\\\/\\\/udolirejhotice.cz\\\/wp-content\\\/uploads\\\/2023\\\/04\\\/3-1.jpeg\",\"datePublished\":\"2023-04-06T11:53:44+00:00\",\"dateModified\":\"2024-01-19T10:01:24+00:00\",\"description\":\"26 mountain apartments exquisitely furnished for comfort, you have the freedom to choose from various layouts, ranging from 1+kk to 3+kk\",\"breadcrumb\":{\"@id\":\"https:\\\/\\\/udolirejhotice.cz\\\/en\\\/apartments\\\/#breadcrumb\"},\"inLanguage\":\"en-US\",\"potentialAction\":[{\"@type\":\"ReadAction\",\"target\":[\"https:\\\/\\\/udolirejhotice.cz\\\/en\\\/apartments\\\/\"]}]},{\"@type\":\"ImageObject\",\"inLanguage\":\"en-US\",\"@id\":\"https:\\\/\\\/udolirejhotice.cz\\\/en\\\/apartments\\\/#primaryimage\",\"url\":\"https:\\\/\\\/udolirejhotice.cz\\\/wp-content\\\/uploads\\\/2023\\\/04\\\/3-1.jpeg\",\"contentUrl\":\"https:\\\/\\\/udolirejhotice.cz\\\/wp-content\\\/uploads\\\/2023\\\/04\\\/3-1.jpeg\",\"width\":905,\"height\":1075},{\"@type\":\"BreadcrumbList\",\"@id\":\"https:\\\/\\\/udolirejhotice.cz\\\/en\\\/apartments\\\/#breadcrumb\",\"itemListElement\":[{\"@type\":\"ListItem\",\"position\":1,\"name\":\"Home\",\"item\":\"https:\\\/\\\/udolirejhotice.cz\\\/en\\\/\"},{\"@type\":\"ListItem\",\"position\":2,\"name\":\"Apartments\"}]},{\"@type\":\"WebSite\",\"@id\":\"https:\\\/\\\/udolirejhotice.cz\\\/en\\\/#website\",\"url\":\"https:\\\/\\\/udolirejhotice.cz\\\/en\\\/\",\"name\":\"\u00dadol\u00ed Rejhotice\",\"description\":\"Horsk\u00e9 byty v srdci jesen\u00edk\u016f\",\"publisher\":{\"@id\":\"https:\\\/\\\/udolirejhotice.cz\\\/en\\\/#organization\"},\"potentialAction\":[{\"@type\":\"SearchAction\",\"target\":{\"@type\":\"EntryPoint\",\"urlTemplate\":\"https:\\\/\\\/udolirejhotice.cz\\\/en\\\/?s={search_term_string}\"},\"query-input\":{\"@type\":\"PropertyValueSpecification\",\"valueRequired\":true,\"valueName\":\"search_term_string\"}}],\"inLanguage\":\"en-US\"},{\"@type\":\"Organization\",\"@id\":\"https:\\\/\\\/udolirejhotice.cz\\\/en\\\/#organization\",\"name\":\"\u00dadol\u00ed Rejhotice\",\"url\":\"https:\\\/\\\/udolirejhotice.cz\\\/en\\\/\",\"logo\":{\"@type\":\"ImageObject\",\"inLanguage\":\"en-US\",\"@id\":\"https:\\\/\\\/udolirejhotice.cz\\\/en\\\/#\\\/schema\\\/logo\\\/image\\\/\",\"url\":\"https:\\\/\\\/udolirejhotice.cz\\\/wp-content\\\/uploads\\\/2023\\\/04\\\/logo.svg\",\"contentUrl\":\"https:\\\/\\\/udolirejhotice.cz\\\/wp-content\\\/uploads\\\/2023\\\/04\\\/logo.svg\",\"width\":367,\"height\":56,\"caption\":\"\u00dadol\u00ed Rejhotice\"},\"image\":{\"@id\":\"https:\\\/\\\/udolirejhotice.cz\\\/en\\\/#\\\/schema\\\/logo\\\/image\\\/\"}}]}<\/script>\n<!-- \/ Yoast SEO plugin. -->","yoast_head_json":{"title":"26 mountain apartments exquisitely furnished | Rejhotice valley","description":"26 mountain apartments exquisitely furnished for comfort, you have the freedom to choose from various layouts, ranging from 1+kk to 3+kk","robots":{"index":"index","follow":"follow","max-snippet":"max-snippet:-1","max-image-preview":"max-image-preview:large","max-video-preview":"max-video-preview:-1"},"canonical":"https:\/\/udolirejhotice.cz\/en\/apartments\/","og_locale":"en_US","og_type":"article","og_title":"26 mountain apartments exquisitely furnished | Rejhotice valley","og_description":"26 mountain apartments exquisitely furnished for comfort, you have the freedom to choose from various layouts, ranging from 1+kk to 3+kk","og_url":"https:\/\/udolirejhotice.cz\/en\/apartments\/","og_site_name":"\u00dadol\u00ed Rejhotice","article_modified_time":"2024-01-19T10:01:24+00:00","og_image":[{"width":905,"height":1075,"url":"https:\/\/udolirejhotice.cz\/wp-content\/uploads\/2023\/04\/3-1.jpeg","type":"image\/jpeg"}],"twitter_card":"summary_large_image","twitter_misc":{"Est. reading time":"1 minute"},"schema":{"@context":"https:\/\/schema.org","@graph":[{"@type":"WebPage","@id":"https:\/\/udolirejhotice.cz\/en\/apartments\/","url":"https:\/\/udolirejhotice.cz\/en\/apartments\/","name":"26 mountain apartments exquisitely furnished | Rejhotice valley","isPartOf":{"@id":"https:\/\/udolirejhotice.cz\/en\/#website"},"primaryImageOfPage":{"@id":"https:\/\/udolirejhotice.cz\/en\/apartments\/#primaryimage"},"image":{"@id":"https:\/\/udolirejhotice.cz\/en\/apartments\/#primaryimage"},"thumbnailUrl":"https:\/\/udolirejhotice.cz\/wp-content\/uploads\/2023\/04\/3-1.jpeg","datePublished":"2023-04-06T11:53:44+00:00","dateModified":"2024-01-19T10:01:24+00:00","description":"26 mountain apartments exquisitely furnished for comfort, you have the freedom to choose from various layouts, ranging from 1+kk to 3+kk","breadcrumb":{"@id":"https:\/\/udolirejhotice.cz\/en\/apartments\/#breadcrumb"},"inLanguage":"en-US","potentialAction":[{"@type":"ReadAction","target":["https:\/\/udolirejhotice.cz\/en\/apartments\/"]}]},{"@type":"ImageObject","inLanguage":"en-US","@id":"https:\/\/udolirejhotice.cz\/en\/apartments\/#primaryimage","url":"https:\/\/udolirejhotice.cz\/wp-content\/uploads\/2023\/04\/3-1.jpeg","contentUrl":"https:\/\/udolirejhotice.cz\/wp-content\/uploads\/2023\/04\/3-1.jpeg","width":905,"height":1075},{"@type":"BreadcrumbList","@id":"https:\/\/udolirejhotice.cz\/en\/apartments\/#breadcrumb","itemListElement":[{"@type":"ListItem","position":1,"name":"Home","item":"https:\/\/udolirejhotice.cz\/en\/"},{"@type":"ListItem","position":2,"name":"Apartments"}]},{"@type":"WebSite","@id":"https:\/\/udolirejhotice.cz\/en\/#website","url":"https:\/\/udolirejhotice.cz\/en\/","name":"\u00dadol\u00ed Rejhotice","description":"Horsk\u00e9 byty v srdci jesen\u00edk\u016f","publisher":{"@id":"https:\/\/udolirejhotice.cz\/en\/#organization"},"potentialAction":[{"@type":"SearchAction","target":{"@type":"EntryPoint","urlTemplate":"https:\/\/udolirejhotice.cz\/en\/?s={search_term_string}"},"query-input":{"@type":"PropertyValueSpecification","valueRequired":true,"valueName":"search_term_string"}}],"inLanguage":"en-US"},{"@type":"Organization","@id":"https:\/\/udolirejhotice.cz\/en\/#organization","name":"\u00dadol\u00ed Rejhotice","url":"https:\/\/udolirejhotice.cz\/en\/","logo":{"@type":"ImageObject","inLanguage":"en-US","@id":"https:\/\/udolirejhotice.cz\/en\/#\/schema\/logo\/image\/","url":"https:\/\/udolirejhotice.cz\/wp-content\/uploads\/2023\/04\/logo.svg","contentUrl":"https:\/\/udolirejhotice.cz\/wp-content\/uploads\/2023\/04\/logo.svg","width":367,"height":56,"caption":"\u00dadol\u00ed Rejhotice"},"image":{"@id":"https:\/\/udolirejhotice.cz\/en\/#\/schema\/logo\/image\/"}}]}},"_links":{"self":[{"href":"https:\/\/udolirejhotice.cz\/en\/wp-json\/wp\/v2\/pages\/876","targetHints":{"allow":["GET"]}}],"collection":[{"href":"https:\/\/udolirejhotice.cz\/en\/wp-json\/wp\/v2\/pages"}],"about":[{"href":"https:\/\/udolirejhotice.cz\/en\/wp-json\/wp\/v2\/types\/page"}],"author":[{"embeddable":true,"href":"https:\/\/udolirejhotice.cz\/en\/wp-json\/wp\/v2\/users\/2"}],"replies":[{"embeddable":true,"href":"https:\/\/udolirejhotice.cz\/en\/wp-json\/wp\/v2\/comments?post=876"}],"version-history":[{"count":14,"href":"https:\/\/udolirejhotice.cz\/en\/wp-json\/wp\/v2\/pages\/876\/revisions"}],"predecessor-version":[{"id":4000,"href":"https:\/\/udolirejhotice.cz\/en\/wp-json\/wp\/v2\/pages\/876\/revisions\/4000"}],"wp:featuredmedia":[{"embeddable":true,"href":"https:\/\/udolirejhotice.cz\/en\/wp-json\/wp\/v2\/media\/868"}],"wp:attachment":[{"href":"https:\/\/udolirejhotice.cz\/en\/wp-json\/wp\/v2\/media?parent=876"}],"curies":[{"name":"wp","href":"https:\/\/api.w.org\/{rel}","templated":true}]}}