{"id":2921,"date":"2023-04-11T07:59:11","date_gmt":"2023-04-11T07:59:11","guid":{"rendered":"http:\/\/udolirejhotice.cz\/kontakt\/"},"modified":"2024-01-17T13:53:00","modified_gmt":"2024-01-17T13:53:00","slug":"kontakt","status":"publish","type":"page","link":"https:\/\/udolirejhotice.cz\/de\/kontakt\/","title":{"rendered":"Kontakt"},"content":{"rendered":"\n<h2 class=\"wp-block-heading\">Schreiben Sie uns<\/h2>\n\n<p>R\u00e1di v\u00e1m poskytneme v\u00edce informac\u00ed projektu \u00dadol\u00ed Rejhotice a o nab\u00edzen\u00fdch bytov\u00fdch jednotk\u00e1ch. Pom\u016f\u017eeme v\u00e1m i s v\u00fdhodn\u00fdm financov\u00e1n\u00edm.<\/p>\n\n<p><\/p>\n","protected":false},"excerpt":{"rendered":"<p>Schreiben Sie uns R\u00e1di v\u00e1m poskytneme v\u00edce informac\u00ed projektu \u00dadol\u00ed Rejhotice a o nab\u00edzen\u00fdch bytov\u00fdch jednotk\u00e1ch. Pom\u016f\u017eeme v\u00e1m i s [&hellip;]<\/p>\n","protected":false},"author":2,"featured_media":0,"parent":0,"menu_order":0,"comment_status":"closed","ping_status":"closed","template":"templates\/contact.php","meta":{"_acf_changed":false,"inline_featured_image":false,"footnotes":""},"class_list":["post-2921","page","type-page","status-publish","hentry"],"acf":[],"yoast_head":"<!-- This site is optimized with the Yoast SEO plugin v27.3 - https:\/\/yoast.com\/product\/yoast-seo-wordpress\/ -->\n<title>Moderne Bergwohnungen zu verkaufen - Kontakt | \u00dadol\u00ed Rejhotice<\/title>\n<meta name=\"description\" content=\"KONTAKT Tel.: +420 778 461 474 Email: info@udolirejhotice.cz, Lou\u010dn\u00e1 nad Desnou. Das Projekt \u00dadol\u00ed Rejhotice bietet moderne Wohnungen zum Verkauf.\" \/>\n<meta name=\"robots\" content=\"index, follow, max-snippet:-1, max-image-preview:large, max-video-preview:-1\" \/>\n<link rel=\"canonical\" href=\"https:\/\/udolirejhotice.cz\/de\/kontakt\/\" \/>\n<meta property=\"og:locale\" content=\"de_DE\" \/>\n<meta property=\"og:type\" content=\"article\" \/>\n<meta property=\"og:title\" content=\"Modern\u00ed horsk\u00e9 byty na prodej - Kontakt | \u00dadol\u00ed Rejhotice\" \/>\n<meta property=\"og:description\" content=\"KONTAKT Tel.: +420 778 461 474 Email: info@udolirejhotice.cz, Lou\u010dn\u00e1 nad Desnou. Projekt \u00dadol\u00ed Rejhotice nab\u00edz\u00ed modern\u00ed byty na prodej.\" \/>\n<meta property=\"og:url\" content=\"https:\/\/udolirejhotice.cz\/de\/kontakt\/\" \/>\n<meta property=\"og:site_name\" content=\"\u00dadol\u00ed Rejhotice\" \/>\n<meta property=\"article:modified_time\" content=\"2024-01-17T13:53:00+00:00\" \/>\n<meta property=\"og:image\" content=\"https:\/\/udolirejhotice.cz\/wp-content\/uploads\/2023\/04\/gallery_01-e1681827295538.jpg\" \/>\n\t<meta property=\"og:image:width\" content=\"356\" \/>\n\t<meta property=\"og:image:height\" content=\"474\" \/>\n\t<meta property=\"og:image:type\" content=\"image\/jpeg\" \/>\n<meta name=\"twitter:card\" content=\"summary_large_image\" \/>\n<meta name=\"twitter:title\" content=\"Modern\u00ed horsk\u00e9 byty na prodej - Kontakt | \u00dadol\u00ed Rejhotice\" \/>\n<meta name=\"twitter:description\" content=\"KONTAKT Tel.: +420 778 461 474 Email: info@udolirejhotice.cz, Lou\u010dn\u00e1 nad Desnou. Projekt \u00dadol\u00ed Rejhotice nab\u00edz\u00ed modern\u00ed byty na prodej.\" \/>\n<meta name=\"twitter:image\" content=\"https:\/\/udolirejhotice.cz\/wp-content\/uploads\/2023\/04\/vybaveni-1.jpeg\" \/>\n<meta name=\"twitter:label1\" content=\"Gesch\u00e4tzte Lesezeit\" \/>\n\t<meta name=\"twitter:data1\" content=\"1\u00a0Minute\" \/>\n<script type=\"application\/ld+json\" class=\"yoast-schema-graph\">{\"@context\":\"https:\\\/\\\/schema.org\",\"@graph\":[{\"@type\":\"WebPage\",\"@id\":\"https:\\\/\\\/udolirejhotice.cz\\\/de\\\/kontakt\\\/\",\"url\":\"https:\\\/\\\/udolirejhotice.cz\\\/de\\\/kontakt\\\/\",\"name\":\"Moderne Bergwohnungen zu verkaufen - Kontakt | \u00dadol\u00ed Rejhotice\",\"isPartOf\":{\"@id\":\"https:\\\/\\\/udolirejhotice.cz\\\/de\\\/#website\"},\"datePublished\":\"2023-04-11T07:59:11+00:00\",\"dateModified\":\"2024-01-17T13:53:00+00:00\",\"description\":\"KONTAKT Tel.: +420 778 461 474 Email: info@udolirejhotice.cz, Lou\u010dn\u00e1 nad Desnou. Das Projekt \u00dadol\u00ed Rejhotice bietet moderne Wohnungen zum Verkauf.\",\"breadcrumb\":{\"@id\":\"https:\\\/\\\/udolirejhotice.cz\\\/de\\\/kontakt\\\/#breadcrumb\"},\"inLanguage\":\"de\",\"potentialAction\":[{\"@type\":\"ReadAction\",\"target\":[\"https:\\\/\\\/udolirejhotice.cz\\\/de\\\/kontakt\\\/\"]}]},{\"@type\":\"BreadcrumbList\",\"@id\":\"https:\\\/\\\/udolirejhotice.cz\\\/de\\\/kontakt\\\/#breadcrumb\",\"itemListElement\":[{\"@type\":\"ListItem\",\"position\":1,\"name\":\"Dom\u016f\",\"item\":\"https:\\\/\\\/udolirejhotice.cz\\\/de\\\/\"},{\"@type\":\"ListItem\",\"position\":2,\"name\":\"Kontakt\"}]},{\"@type\":\"WebSite\",\"@id\":\"https:\\\/\\\/udolirejhotice.cz\\\/de\\\/#website\",\"url\":\"https:\\\/\\\/udolirejhotice.cz\\\/de\\\/\",\"name\":\"\u00dadol\u00ed Rejhotice\",\"description\":\"Horsk\u00e9 byty v srdci jesen\u00edk\u016f\",\"publisher\":{\"@id\":\"https:\\\/\\\/udolirejhotice.cz\\\/de\\\/#organization\"},\"potentialAction\":[{\"@type\":\"SearchAction\",\"target\":{\"@type\":\"EntryPoint\",\"urlTemplate\":\"https:\\\/\\\/udolirejhotice.cz\\\/de\\\/?s={search_term_string}\"},\"query-input\":{\"@type\":\"PropertyValueSpecification\",\"valueRequired\":true,\"valueName\":\"search_term_string\"}}],\"inLanguage\":\"de\"},{\"@type\":\"Organization\",\"@id\":\"https:\\\/\\\/udolirejhotice.cz\\\/de\\\/#organization\",\"name\":\"\u00dadol\u00ed Rejhotice\",\"url\":\"https:\\\/\\\/udolirejhotice.cz\\\/de\\\/\",\"logo\":{\"@type\":\"ImageObject\",\"inLanguage\":\"de\",\"@id\":\"https:\\\/\\\/udolirejhotice.cz\\\/de\\\/#\\\/schema\\\/logo\\\/image\\\/\",\"url\":\"https:\\\/\\\/udolirejhotice.cz\\\/wp-content\\\/uploads\\\/2023\\\/04\\\/logo.svg\",\"contentUrl\":\"https:\\\/\\\/udolirejhotice.cz\\\/wp-content\\\/uploads\\\/2023\\\/04\\\/logo.svg\",\"width\":367,\"height\":56,\"caption\":\"\u00dadol\u00ed Rejhotice\"},\"image\":{\"@id\":\"https:\\\/\\\/udolirejhotice.cz\\\/de\\\/#\\\/schema\\\/logo\\\/image\\\/\"}}]}<\/script>\n<!-- \/ Yoast SEO plugin. -->","yoast_head_json":{"title":"Moderne Bergwohnungen zu verkaufen - Kontakt | \u00dadol\u00ed Rejhotice","description":"KONTAKT Tel.: +420 778 461 474 Email: info@udolirejhotice.cz, Lou\u010dn\u00e1 nad Desnou. Das Projekt \u00dadol\u00ed Rejhotice bietet moderne Wohnungen zum Verkauf.","robots":{"index":"index","follow":"follow","max-snippet":"max-snippet:-1","max-image-preview":"max-image-preview:large","max-video-preview":"max-video-preview:-1"},"canonical":"https:\/\/udolirejhotice.cz\/de\/kontakt\/","og_locale":"de_DE","og_type":"article","og_title":"Modern\u00ed horsk\u00e9 byty na prodej - Kontakt | \u00dadol\u00ed Rejhotice","og_description":"KONTAKT Tel.: +420 778 461 474 Email: info@udolirejhotice.cz, Lou\u010dn\u00e1 nad Desnou. Projekt \u00dadol\u00ed Rejhotice nab\u00edz\u00ed modern\u00ed byty na prodej.","og_url":"https:\/\/udolirejhotice.cz\/de\/kontakt\/","og_site_name":"\u00dadol\u00ed Rejhotice","article_modified_time":"2024-01-17T13:53:00+00:00","og_image":[{"width":356,"height":474,"url":"https:\/\/udolirejhotice.cz\/wp-content\/uploads\/2023\/04\/gallery_01-e1681827295538.jpg","type":"image\/jpeg"}],"twitter_card":"summary_large_image","twitter_title":"Modern\u00ed horsk\u00e9 byty na prodej - Kontakt | \u00dadol\u00ed Rejhotice","twitter_description":"KONTAKT Tel.: +420 778 461 474 Email: info@udolirejhotice.cz, Lou\u010dn\u00e1 nad Desnou. Projekt \u00dadol\u00ed Rejhotice nab\u00edz\u00ed modern\u00ed byty na prodej.","twitter_image":"https:\/\/udolirejhotice.cz\/wp-content\/uploads\/2023\/04\/vybaveni-1.jpeg","twitter_misc":{"Gesch\u00e4tzte Lesezeit":"1\u00a0Minute"},"schema":{"@context":"https:\/\/schema.org","@graph":[{"@type":"WebPage","@id":"https:\/\/udolirejhotice.cz\/de\/kontakt\/","url":"https:\/\/udolirejhotice.cz\/de\/kontakt\/","name":"Moderne Bergwohnungen zu verkaufen - Kontakt | \u00dadol\u00ed Rejhotice","isPartOf":{"@id":"https:\/\/udolirejhotice.cz\/de\/#website"},"datePublished":"2023-04-11T07:59:11+00:00","dateModified":"2024-01-17T13:53:00+00:00","description":"KONTAKT Tel.: +420 778 461 474 Email: info@udolirejhotice.cz, Lou\u010dn\u00e1 nad Desnou. Das Projekt \u00dadol\u00ed Rejhotice bietet moderne Wohnungen zum Verkauf.","breadcrumb":{"@id":"https:\/\/udolirejhotice.cz\/de\/kontakt\/#breadcrumb"},"inLanguage":"de","potentialAction":[{"@type":"ReadAction","target":["https:\/\/udolirejhotice.cz\/de\/kontakt\/"]}]},{"@type":"BreadcrumbList","@id":"https:\/\/udolirejhotice.cz\/de\/kontakt\/#breadcrumb","itemListElement":[{"@type":"ListItem","position":1,"name":"Dom\u016f","item":"https:\/\/udolirejhotice.cz\/de\/"},{"@type":"ListItem","position":2,"name":"Kontakt"}]},{"@type":"WebSite","@id":"https:\/\/udolirejhotice.cz\/de\/#website","url":"https:\/\/udolirejhotice.cz\/de\/","name":"\u00dadol\u00ed Rejhotice","description":"Horsk\u00e9 byty v srdci jesen\u00edk\u016f","publisher":{"@id":"https:\/\/udolirejhotice.cz\/de\/#organization"},"potentialAction":[{"@type":"SearchAction","target":{"@type":"EntryPoint","urlTemplate":"https:\/\/udolirejhotice.cz\/de\/?s={search_term_string}"},"query-input":{"@type":"PropertyValueSpecification","valueRequired":true,"valueName":"search_term_string"}}],"inLanguage":"de"},{"@type":"Organization","@id":"https:\/\/udolirejhotice.cz\/de\/#organization","name":"\u00dadol\u00ed Rejhotice","url":"https:\/\/udolirejhotice.cz\/de\/","logo":{"@type":"ImageObject","inLanguage":"de","@id":"https:\/\/udolirejhotice.cz\/de\/#\/schema\/logo\/image\/","url":"https:\/\/udolirejhotice.cz\/wp-content\/uploads\/2023\/04\/logo.svg","contentUrl":"https:\/\/udolirejhotice.cz\/wp-content\/uploads\/2023\/04\/logo.svg","width":367,"height":56,"caption":"\u00dadol\u00ed Rejhotice"},"image":{"@id":"https:\/\/udolirejhotice.cz\/de\/#\/schema\/logo\/image\/"}}]}},"_links":{"self":[{"href":"https:\/\/udolirejhotice.cz\/de\/wp-json\/wp\/v2\/pages\/2921","targetHints":{"allow":["GET"]}}],"collection":[{"href":"https:\/\/udolirejhotice.cz\/de\/wp-json\/wp\/v2\/pages"}],"about":[{"href":"https:\/\/udolirejhotice.cz\/de\/wp-json\/wp\/v2\/types\/page"}],"author":[{"embeddable":true,"href":"https:\/\/udolirejhotice.cz\/de\/wp-json\/wp\/v2\/users\/2"}],"replies":[{"embeddable":true,"href":"https:\/\/udolirejhotice.cz\/de\/wp-json\/wp\/v2\/comments?post=2921"}],"version-history":[{"count":2,"href":"https:\/\/udolirejhotice.cz\/de\/wp-json\/wp\/v2\/pages\/2921\/revisions"}],"predecessor-version":[{"id":3917,"href":"https:\/\/udolirejhotice.cz\/de\/wp-json\/wp\/v2\/pages\/2921\/revisions\/3917"}],"wp:attachment":[{"href":"https:\/\/udolirejhotice.cz\/de\/wp-json\/wp\/v2\/media?parent=2921"}],"curies":[{"name":"wp","href":"https:\/\/api.w.org\/{rel}","templated":true}]}}